{"id":720,"date":"2024-02-08T20:21:39","date_gmt":"2024-02-08T20:21:39","guid":{"rendered":"https:\/\/cloud2go.de\/?page_id=720"},"modified":"2024-07-11T13:57:44","modified_gmt":"2024-07-11T13:57:44","slug":"investor-relations","status":"publish","type":"page","link":"https:\/\/cloud2go.de\/de\/investor-relations\/","title":{"rendered":"Investor Relations"},"content":{"rendered":"<div data-elementor-type=\"wp-page\" data-elementor-id=\"720\" class=\"elementor elementor-720\" data-elementor-post-type=\"page\">\n\t\t\t\t<div class=\"elementor-element elementor-element-9931ffb e-con-full e-flex e-con e-parent\" data-id=\"9931ffb\" data-element_type=\"container\" data-settings=\"{&quot;content_width&quot;:&quot;full&quot;}\" data-core-v316-plus=\"true\">\n\t\t<div class=\"elementor-element elementor-element-86b11a4 e-flex e-con-boxed e-con e-child\" data-id=\"86b11a4\" data-element_type=\"container\" data-settings=\"{&quot;content_width&quot;:&quot;boxed&quot;}\">\n\t\t\t\t\t<div class=\"e-con-inner\">\n\t\t\t\t<div class=\"elementor-element elementor-element-ee82a55 elementor-widget elementor-widget-heading\" data-id=\"ee82a55\" data-element_type=\"widget\" data-widget_type=\"heading.default\">\n\t\t\t\t<div class=\"elementor-widget-container\">\n\t\t\t<style>\/*! elementor - v3.19.0 - 05-02-2024 *\/\n.elementor-heading-title{padding:0;margin:0;line-height:1}.elementor-widget-heading .elementor-heading-title[class*=elementor-size-]>a{color:inherit;font-size:inherit;line-height:inherit}.elementor-widget-heading .elementor-heading-title.elementor-size-small{font-size:15px}.elementor-widget-heading .elementor-heading-title.elementor-size-medium{font-size:19px}.elementor-widget-heading .elementor-heading-title.elementor-size-large{font-size:29px}.elementor-widget-heading .elementor-heading-title.elementor-size-xl{font-size:39px}.elementor-widget-heading .elementor-heading-title.elementor-size-xxl{font-size:59px}<\/style><h1 class=\"elementor-heading-title elementor-size-default\">Kurzprofil<\/h1>\t\t<\/div>\n\t\t\t\t<\/div>\n\t\t\t\t<div class=\"elementor-element elementor-element-516568a elementor-widget elementor-widget-text-editor\" data-id=\"516568a\" data-element_type=\"widget\" data-widget_type=\"text-editor.default\">\n\t\t\t\t<div class=\"elementor-widget-container\">\n\t\t\t<style>\/*! elementor - v3.19.0 - 05-02-2024 *\/\n.elementor-widget-text-editor.elementor-drop-cap-view-stacked .elementor-drop-cap{background-color:#69727d;color:#fff}.elementor-widget-text-editor.elementor-drop-cap-view-framed .elementor-drop-cap{color:#69727d;border:3px solid;background-color:transparent}.elementor-widget-text-editor:not(.elementor-drop-cap-view-default) .elementor-drop-cap{margin-top:8px}.elementor-widget-text-editor:not(.elementor-drop-cap-view-default) .elementor-drop-cap-letter{width:1em;height:1em}.elementor-widget-text-editor .elementor-drop-cap{float:left;text-align:center;line-height:1;font-size:50px}.elementor-widget-text-editor .elementor-drop-cap-letter{display:inline-block}<\/style>\t\t\t\t<p>Entwicklung, Bereitstellung und Vertieb von Softwarel\u00f6sungen f\u00fcr den kontinuierlichen Zugriff auf Daten aus der Cloud mit dem Ziel, die t\u00e4gliche Arbeitswelt von Unternehmen und ihren Mitarbeitern effizienter und innovativer zu gestalten.<\/p><p>\u00a0<\/p><p>Cloud2Go bietet seinen Kunden die M\u00f6glichkeit, Daten sicher in ihrer eigenen Cloud zu speichern und jederzeit \u00fcber die NFC-basierte Hardware, die ebenfalls hausintern produziert wird, oder direkt aus der Cloud abzurufen oder sie weiterzuleiten.<\/p><p>\u00a0<\/p><p>Dar\u00fcber hinaus werden L\u00f6sungen f\u00fcr Arbeitszeitmanagement und Personaleinsatzplanung angeboten.<\/p>\t\t\t\t\t\t<\/div>\n\t\t\t\t<\/div>\n\t\t\t\t<div class=\"elementor-element elementor-element-90efe6c elementor-widget elementor-widget-heading\" data-id=\"90efe6c\" data-element_type=\"widget\" data-widget_type=\"heading.default\">\n\t\t\t\t<div class=\"elementor-widget-container\">\n\t\t\t<h1 class=\"elementor-heading-title elementor-size-default\">Basisdaten zur Aktie<\/h1>\t\t<\/div>\n\t\t\t\t<\/div>\n\t\t\t\t<div class=\"elementor-element elementor-element-7454dfa elementor-widget elementor-widget-text-editor\" data-id=\"7454dfa\" data-element_type=\"widget\" data-widget_type=\"text-editor.default\">\n\t\t\t\t<div class=\"elementor-widget-container\">\n\t\t\t\t\t\t\t<table width=\"560\"><tbody><tr><td width=\"200\">Branche<\/td><td width=\"360\">Informationstechnologie<\/td><\/tr><tr><td>Sektor<\/td><td>Hard- \/ Software<\/td><\/tr><tr><td>Operativer Start<\/td><td>2020<\/td><\/tr><tr><td>Gr\u00fcndung<\/td><td>2022<\/td><\/tr><tr><td>Gesch\u00e4ftsjahr<\/td><td>Kalenderjahr<\/td><\/tr><tr><td>Rechnungslegung<\/td><td>HGB<\/td><\/tr><tr><td>Vorstand<\/td><td>Andreas Franz<\/td><\/tr><tr><td>Aufsichtsrat<\/td><td>Johannes Wessling, Dr. Franz Wagner, Alexandru Pop<\/td><\/tr><tr><td>\u00a0<\/td><td>\u00a0<\/td><\/tr><tr><td>Grundkapital<\/td><td>100.000 EUR<\/td><\/tr><tr><td>Aktienform<\/td><td>Namensaktien mit Nennwert von 1,00 EUR<\/td><\/tr><tr><td>ISIN<\/td><td>DE000A3DU5V8<\/td><\/tr><tr><td>WKN<\/td><td>A3DU5V<\/td><\/tr><tr><td>Zahlstelle<\/td><td>Bankhaus Gebr\u00fcder Martin<\/td><\/tr><\/tbody><\/table>\t\t\t\t\t\t<\/div>\n\t\t\t\t<\/div>\n\t\t\t\t\t<\/div>\n\t\t\t\t<\/div>\n\t\t\t\t<\/div>\n\t\t\t\t<\/div>","protected":false},"excerpt":{"rendered":"<p>Short Profile Development, provision and distribution of software solutions for the uninterrupted access to data from the cloud with the aim of making the daily working world of companies and their employees more efficient and innovative. \u00a0 Cloud2Go offers its customers the opportunity to store data securely in their own cloud and to access or [&hellip;]<\/p>","protected":false},"author":1,"featured_media":0,"parent":0,"menu_order":0,"comment_status":"closed","ping_status":"closed","template":"","meta":{"footnotes":""},"class_list":["post-720","page","type-page","status-publish","hentry"],"_links":{"self":[{"href":"https:\/\/cloud2go.de\/de\/wp-json\/wp\/v2\/pages\/720","targetHints":{"allow":["GET"]}}],"collection":[{"href":"https:\/\/cloud2go.de\/de\/wp-json\/wp\/v2\/pages"}],"about":[{"href":"https:\/\/cloud2go.de\/de\/wp-json\/wp\/v2\/types\/page"}],"author":[{"embeddable":true,"href":"https:\/\/cloud2go.de\/de\/wp-json\/wp\/v2\/users\/1"}],"replies":[{"embeddable":true,"href":"https:\/\/cloud2go.de\/de\/wp-json\/wp\/v2\/comments?post=720"}],"version-history":[{"count":13,"href":"https:\/\/cloud2go.de\/de\/wp-json\/wp\/v2\/pages\/720\/revisions"}],"predecessor-version":[{"id":946,"href":"https:\/\/cloud2go.de\/de\/wp-json\/wp\/v2\/pages\/720\/revisions\/946"}],"wp:attachment":[{"href":"https:\/\/cloud2go.de\/de\/wp-json\/wp\/v2\/media?parent=720"}],"curies":[{"name":"wp","href":"https:\/\/api.w.org\/{rel}","templated":true}]}}