{"id":41,"date":"2024-01-24T15:09:15","date_gmt":"2024-01-24T15:09:15","guid":{"rendered":"https:\/\/cloud2go.de\/?page_id=41"},"modified":"2024-02-01T15:07:43","modified_gmt":"2024-02-01T15:07:43","slug":"about","status":"publish","type":"page","link":"https:\/\/cloud2go.de\/de\/about\/","title":{"rendered":"\u00dcber uns"},"content":{"rendered":"<div data-elementor-type=\"wp-page\" data-elementor-id=\"41\" class=\"elementor elementor-41\" data-elementor-post-type=\"page\">\n\t\t\t\t<div class=\"elementor-element elementor-element-055a4d9 e-con-full e-flex e-con e-parent\" data-id=\"055a4d9\" data-element_type=\"container\" data-settings=\"{&quot;content_width&quot;:&quot;full&quot;}\" data-core-v316-plus=\"true\">\n\t\t<div class=\"elementor-element elementor-element-ef1dc16 e-flex e-con-boxed e-con e-child\" data-id=\"ef1dc16\" data-element_type=\"container\" data-settings=\"{&quot;content_width&quot;:&quot;boxed&quot;}\">\n\t\t\t\t\t<div class=\"e-con-inner\">\n\t\t<div class=\"elementor-element elementor-element-f960951 e-flex e-con-boxed e-con e-child\" data-id=\"f960951\" data-element_type=\"container\" data-settings=\"{&quot;content_width&quot;:&quot;boxed&quot;}\">\n\t\t\t\t\t<div class=\"e-con-inner\">\n\t\t\t\t<div class=\"elementor-element elementor-element-9173ae0 elementor-widget elementor-widget-heading\" data-id=\"9173ae0\" data-element_type=\"widget\" data-widget_type=\"heading.default\">\n\t\t\t\t<div class=\"elementor-widget-container\">\n\t\t\t<style>\/*! elementor - v3.19.0 - 05-02-2024 *\/\n.elementor-heading-title{padding:0;margin:0;line-height:1}.elementor-widget-heading .elementor-heading-title[class*=elementor-size-]>a{color:inherit;font-size:inherit;line-height:inherit}.elementor-widget-heading .elementor-heading-title.elementor-size-small{font-size:15px}.elementor-widget-heading .elementor-heading-title.elementor-size-medium{font-size:19px}.elementor-widget-heading .elementor-heading-title.elementor-size-large{font-size:29px}.elementor-widget-heading .elementor-heading-title.elementor-size-xl{font-size:39px}.elementor-widget-heading .elementor-heading-title.elementor-size-xxl{font-size:59px}<\/style><h2 class=\"elementor-heading-title elementor-size-default\">Cloud2Go ist ein Technologieunternehmen mit Sitz in M\u00fcnchen, Deutschland, das sich auf Datenspeicherung, Datenaustausch und Digitalisierung von Gesch\u00e4fts- und Zahlungsprozessen konzentriert.<\/h2>\t\t<\/div>\n\t\t\t\t<\/div>\n\t\t\t\t\t<\/div>\n\t\t\t\t<\/div>\n\t\t<div class=\"elementor-element elementor-element-cbc7be1 e-flex e-con-boxed e-con e-child\" data-id=\"cbc7be1\" data-element_type=\"container\" data-settings=\"{&quot;content_width&quot;:&quot;boxed&quot;}\">\n\t\t\t\t\t<div class=\"e-con-inner\">\n\t\t\t\t<div class=\"elementor-element elementor-element-4f0fab0 elementor-widget elementor-widget-image\" data-id=\"4f0fab0\" data-element_type=\"widget\" data-widget_type=\"image.default\">\n\t\t\t\t<div class=\"elementor-widget-container\">\n\t\t\t<style>\/*! elementor - v3.19.0 - 05-02-2024 *\/\n.elementor-widget-image{text-align:center}.elementor-widget-image a{display:inline-block}.elementor-widget-image a img[src$=\".svg\"]{width:48px}.elementor-widget-image img{vertical-align:middle;display:inline-block}<\/style>\t\t\t\t\t\t\t\t\t\t<img fetchpriority=\"high\" decoding=\"async\" width=\"1024\" height=\"768\" src=\"https:\/\/cloud2go.de\/wp-content\/uploads\/2024\/02\/WhatsApp-Image-2024-01-29-at-14.48.25.jpeg\" class=\"attachment-full size-full wp-image-523\" alt=\"\" srcset=\"https:\/\/cloud2go.de\/wp-content\/uploads\/2024\/02\/WhatsApp-Image-2024-01-29-at-14.48.25.jpeg 1024w, https:\/\/cloud2go.de\/wp-content\/uploads\/2024\/02\/WhatsApp-Image-2024-01-29-at-14.48.25-300x225.jpeg 300w, https:\/\/cloud2go.de\/wp-content\/uploads\/2024\/02\/WhatsApp-Image-2024-01-29-at-14.48.25-768x576.jpeg 768w, https:\/\/cloud2go.de\/wp-content\/uploads\/2024\/02\/WhatsApp-Image-2024-01-29-at-14.48.25-600x450.jpeg 600w\" sizes=\"(max-width: 1024px) 100vw, 1024px\" \/>\t\t\t\t\t\t\t\t\t\t\t\t\t<\/div>\n\t\t\t\t<\/div>\n\t\t\t\t\t<\/div>\n\t\t\t\t<\/div>\n\t\t\t\t\t<\/div>\n\t\t\t\t<\/div>\n\t\t\t\t<\/div>\n\t\t<div class=\"elementor-element elementor-element-2bb0718 e-con-full e-flex e-con e-parent\" data-id=\"2bb0718\" data-element_type=\"container\" data-settings=\"{&quot;content_width&quot;:&quot;full&quot;,&quot;background_background&quot;:&quot;classic&quot;}\" data-core-v316-plus=\"true\">\n\t\t<div class=\"elementor-element elementor-element-526bd91 e-flex e-con-boxed e-con e-child\" data-id=\"526bd91\" data-element_type=\"container\" data-settings=\"{&quot;content_width&quot;:&quot;boxed&quot;}\">\n\t\t\t\t\t<div class=\"e-con-inner\">\n\t\t\t\t<div class=\"elementor-element elementor-element-fc82d99 elementor-widget__width-initial elementor-widget elementor-widget-heading\" data-id=\"fc82d99\" data-element_type=\"widget\" data-widget_type=\"heading.default\">\n\t\t\t\t<div class=\"elementor-widget-container\">\n\t\t\t<h2 class=\"elementor-heading-title elementor-size-default\">Sein f\u00fchrendes Produkt ist Cloud2Go, eine vollst\u00e4ndig sichere Cloud, die Computerressourcen als Dienstleistung bereitstellt, die schnell und mit geringem Aufwand geteilt werden k\u00f6nnen - normalerweise \u00fcber das Internet und unabh\u00e4ngig vom Ger\u00e4t.<\/h2>\t\t<\/div>\n\t\t\t\t<\/div>\n\t\t\t\t<div class=\"elementor-element elementor-element-7e4c7e1 elementor-absolute elementor-widget elementor-widget-image\" data-id=\"7e4c7e1\" data-element_type=\"widget\" data-settings=\"{&quot;_position&quot;:&quot;absolute&quot;}\" data-widget_type=\"image.default\">\n\t\t\t\t<div class=\"elementor-widget-container\">\n\t\t\t\t\t\t\t\t\t\t\t\t\t<img decoding=\"async\" width=\"2766\" height=\"2535\" src=\"https:\/\/cloud2go.de\/wp-content\/uploads\/2024\/01\/cards.png\" class=\"attachment-full size-full wp-image-211\" alt=\"\" srcset=\"https:\/\/cloud2go.de\/wp-content\/uploads\/2024\/01\/cards.png 2766w, https:\/\/cloud2go.de\/wp-content\/uploads\/2024\/01\/cards-300x275.png 300w, https:\/\/cloud2go.de\/wp-content\/uploads\/2024\/01\/cards-600x550.png 600w, https:\/\/cloud2go.de\/wp-content\/uploads\/2024\/01\/cards-1024x938.png 1024w, https:\/\/cloud2go.de\/wp-content\/uploads\/2024\/01\/cards-768x704.png 768w, https:\/\/cloud2go.de\/wp-content\/uploads\/2024\/01\/cards-1536x1408.png 1536w, https:\/\/cloud2go.de\/wp-content\/uploads\/2024\/01\/cards-2048x1877.png 2048w\" sizes=\"(max-width: 2766px) 100vw, 2766px\" \/>\t\t\t\t\t\t\t\t\t\t\t\t\t<\/div>\n\t\t\t\t<\/div>\n\t\t\t\t\t<\/div>\n\t\t\t\t<\/div>\n\t\t\t\t<\/div>\n\t\t<div class=\"elementor-element elementor-element-a155239 e-con-full e-flex e-con e-parent\" data-id=\"a155239\" data-element_type=\"container\" data-settings=\"{&quot;content_width&quot;:&quot;full&quot;,&quot;background_background&quot;:&quot;classic&quot;}\" data-core-v316-plus=\"true\">\n\t\t<div class=\"elementor-element elementor-element-cacbe71 e-flex e-con-boxed e-con e-child\" data-id=\"cacbe71\" data-element_type=\"container\" data-settings=\"{&quot;content_width&quot;:&quot;boxed&quot;}\">\n\t\t\t\t\t<div class=\"e-con-inner\">\n\t\t\t\t<div class=\"elementor-element elementor-element-5747b4f elementor-widget__width-initial elementor-widget elementor-widget-heading\" data-id=\"5747b4f\" data-element_type=\"widget\" data-widget_type=\"heading.default\">\n\t\t\t\t<div class=\"elementor-widget-container\">\n\t\t\t<h2 class=\"elementor-heading-title elementor-size-default\">Der Zugang zur Cloud erfolgt \u00fcber personalisierbare Smartcards, DigiPens, Schl\u00fcsselanh\u00e4nger oder NFC-Tags. Dar\u00fcber hinaus k\u00f6nnen Daten auch \u00fcber QR-Codes geteilt oder direkt \u00fcber das Dashboard jedes Benutzers weitergeleitet werden.\n<br><br>\nSeit der \u00dcbernahme der SpreadID GmbH im September 2022 betreibt Cloud2Go eigene Produktionsst\u00e4tten in Deutschland mit Hauptsitz in M\u00fcnchen und einer Niederlassung in Velbert nahe D\u00fcsseldorf.\n<br><br>\nSomit werden alle von Cloud2Go angebotenen Produkte in Deutschland hergestellt und gehostet. \n<\/h2>\t\t<\/div>\n\t\t\t\t<\/div>\n\t\t\t\t\t<\/div>\n\t\t\t\t<\/div>\n\t\t\t\t<div class=\"elementor-element elementor-element-bcfb789 elementor-widget__width-initial elementor-widget elementor-widget-image\" data-id=\"bcfb789\" data-element_type=\"widget\" data-widget_type=\"image.default\">\n\t\t\t\t<div class=\"elementor-widget-container\">\n\t\t\t\t\t\t\t\t\t\t\t\t\t<img decoding=\"async\" width=\"1024\" height=\"768\" src=\"https:\/\/cloud2go.de\/wp-content\/uploads\/2024\/02\/WhatsApp-Image-2024-01-29-at-14.48.21.jpeg\" class=\"attachment-full size-full wp-image-524\" alt=\"\" srcset=\"https:\/\/cloud2go.de\/wp-content\/uploads\/2024\/02\/WhatsApp-Image-2024-01-29-at-14.48.21.jpeg 1024w, https:\/\/cloud2go.de\/wp-content\/uploads\/2024\/02\/WhatsApp-Image-2024-01-29-at-14.48.21-300x225.jpeg 300w, https:\/\/cloud2go.de\/wp-content\/uploads\/2024\/02\/WhatsApp-Image-2024-01-29-at-14.48.21-768x576.jpeg 768w, https:\/\/cloud2go.de\/wp-content\/uploads\/2024\/02\/WhatsApp-Image-2024-01-29-at-14.48.21-600x450.jpeg 600w\" sizes=\"(max-width: 1024px) 100vw, 1024px\" \/>\t\t\t\t\t\t\t\t\t\t\t\t\t<\/div>\n\t\t\t\t<\/div>\n\t\t\t\t<div class=\"elementor-element elementor-element-0357e0c elementor-absolute elementor-widget elementor-widget-image\" data-id=\"0357e0c\" data-element_type=\"widget\" data-settings=\"{&quot;_position&quot;:&quot;absolute&quot;}\" data-widget_type=\"image.default\">\n\t\t\t\t<div class=\"elementor-widget-container\">\n\t\t\t\t\t\t\t\t\t\t\t\t\t<img loading=\"lazy\" decoding=\"async\" width=\"1068\" height=\"1535\" src=\"https:\/\/cloud2go.de\/wp-content\/uploads\/2024\/01\/white-section-circle.png\" class=\"attachment-full size-full wp-image-187\" alt=\"\" srcset=\"https:\/\/cloud2go.de\/wp-content\/uploads\/2024\/01\/white-section-circle.png 1068w, https:\/\/cloud2go.de\/wp-content\/uploads\/2024\/01\/white-section-circle-300x431.png 300w, https:\/\/cloud2go.de\/wp-content\/uploads\/2024\/01\/white-section-circle-600x862.png 600w, https:\/\/cloud2go.de\/wp-content\/uploads\/2024\/01\/white-section-circle-209x300.png 209w, https:\/\/cloud2go.de\/wp-content\/uploads\/2024\/01\/white-section-circle-712x1024.png 712w, https:\/\/cloud2go.de\/wp-content\/uploads\/2024\/01\/white-section-circle-768x1104.png 768w\" sizes=\"(max-width: 1068px) 100vw, 1068px\" \/>\t\t\t\t\t\t\t\t\t\t\t\t\t<\/div>\n\t\t\t\t<\/div>\n\t\t\t\t<\/div>\n\t\t<div class=\"elementor-element elementor-element-511adcc e-con-full e-flex e-con e-parent\" data-id=\"511adcc\" data-element_type=\"container\" data-settings=\"{&quot;content_width&quot;:&quot;full&quot;}\" data-core-v316-plus=\"true\">\n\t\t<div class=\"elementor-element elementor-element-a36ad4d e-flex e-con-boxed e-con e-child\" data-id=\"a36ad4d\" data-element_type=\"container\" data-settings=\"{&quot;content_width&quot;:&quot;boxed&quot;}\">\n\t\t\t\t\t<div class=\"e-con-inner\">\n\t\t<div class=\"elementor-element elementor-element-dfdc0c5 e-flex e-con-boxed e-con e-child\" data-id=\"dfdc0c5\" data-element_type=\"container\" data-settings=\"{&quot;content_width&quot;:&quot;boxed&quot;}\">\n\t\t\t\t\t<div class=\"e-con-inner\">\n\t\t\t\t<div class=\"elementor-element elementor-element-2db124a elementor-widget elementor-widget-heading\" data-id=\"2db124a\" data-element_type=\"widget\" data-widget_type=\"heading.default\">\n\t\t\t\t<div class=\"elementor-widget-container\">\n\t\t\t<h2 class=\"elementor-heading-title elementor-size-default\">Aufgrund der Tatsache, dass Cloud2Go stets gro\u00dfen Wert auf Unabh\u00e4ngigkeit gelegt hat, unterh\u00e4lt das Unternehmen sowohl ein eigenes Grafik-\/Design- als auch Programmierungsteam. \n<br><br>\nAls Ergebnis profitieren unsere Kunden von einem einzigartigen Kundenservice und einer schnellen Reaktionszeit sowie einem herausragenden Serviceniveau. Dar\u00fcber hinaus ist Cloud2Go ohne Zweifel Innovationsf\u00fchrer und f\u00fchrt kontinuierlich neue Funktionen und Produkte ein. \n<br><br>\nAuf Managementebene wird Cloud2Go von einem erfahrenen Team geleitet, das alle notwendigen Bereiche von Recht und Finanzen \u00fcber Forschung und Entwicklung bis hin zum Vertrieb abdeckt. \n<br><br><\/h2>\t\t<\/div>\n\t\t\t\t<\/div>\n\t\t\t\t\t<\/div>\n\t\t\t\t<\/div>\n\t\t<div class=\"elementor-element elementor-element-423dbb6 e-flex e-con-boxed e-con e-child\" data-id=\"423dbb6\" data-element_type=\"container\" data-settings=\"{&quot;content_width&quot;:&quot;boxed&quot;}\">\n\t\t\t\t\t<div class=\"e-con-inner\">\n\t\t\t\t<div class=\"elementor-element elementor-element-d486d0f elementor-widget elementor-widget-video\" data-id=\"d486d0f\" data-element_type=\"widget\" data-settings=\"{&quot;video_type&quot;:&quot;hosted&quot;,&quot;autoplay&quot;:&quot;yes&quot;,&quot;loop&quot;:&quot;yes&quot;,&quot;controls&quot;:&quot;yes&quot;}\" data-widget_type=\"video.default\">\n\t\t\t\t<div class=\"elementor-widget-container\">\n\t\t\t<style>\/*! elementor - v3.19.0 - 05-02-2024 *\/\n.elementor-widget-video .elementor-widget-container{overflow:hidden;transform:translateZ(0)}.elementor-widget-video .elementor-wrapper{aspect-ratio:var(--video-aspect-ratio)}.elementor-widget-video .elementor-wrapper iframe,.elementor-widget-video .elementor-wrapper video{height:100%;width:100%;display:flex;border:none;background-color:#000}@supports not (aspect-ratio:1\/1){.elementor-widget-video .elementor-wrapper{position:relative;overflow:hidden;height:0;padding-bottom:calc(100% \/ var(--video-aspect-ratio))}.elementor-widget-video .elementor-wrapper iframe,.elementor-widget-video .elementor-wrapper video{position:absolute;top:0;right:0;bottom:0;left:0}}.elementor-widget-video .elementor-open-inline .elementor-custom-embed-image-overlay{position:absolute;top:0;right:0;bottom:0;left:0;background-size:cover;background-position:50%}.elementor-widget-video .elementor-custom-embed-image-overlay{cursor:pointer;text-align:center}.elementor-widget-video .elementor-custom-embed-image-overlay:hover .elementor-custom-embed-play i{opacity:1}.elementor-widget-video .elementor-custom-embed-image-overlay img{display:block;width:100%;aspect-ratio:var(--video-aspect-ratio);-o-object-fit:cover;object-fit:cover;-o-object-position:center center;object-position:center center}@supports not (aspect-ratio:1\/1){.elementor-widget-video .elementor-custom-embed-image-overlay{position:relative;overflow:hidden;height:0;padding-bottom:calc(100% \/ var(--video-aspect-ratio))}.elementor-widget-video .elementor-custom-embed-image-overlay img{position:absolute;top:0;right:0;bottom:0;left:0}}.elementor-widget-video .e-hosted-video .elementor-video{-o-object-fit:cover;object-fit:cover}.e-con-inner>.elementor-widget-video,.e-con>.elementor-widget-video{width:var(--container-widget-width);--flex-grow:var(--container-widget-flex-grow)}<\/style>\t\t<div class=\"e-hosted-video elementor-wrapper elementor-open-inline\">\n\t\t\t\t\t<video class=\"elementor-video\" src=\"https:\/\/cloud2go.de\/wp-content\/uploads\/2024\/02\/Metal-Black-final.mp4\" autoplay=\"\" loop=\"\" controls=\"\" controlslist=\"nodownload\"><\/video>\n\t\t\t\t<\/div>\n\t\t\t\t<\/div>\n\t\t\t\t<\/div>\n\t\t\t\t\t<\/div>\n\t\t\t\t<\/div>\n\t\t\t\t\t<\/div>\n\t\t\t\t<\/div>\n\t\t\t\t<\/div>\n\t\t\t\t<\/div>","protected":false},"excerpt":{"rendered":"<p>Cloud2Go is a Munich\/Germany based technology company focused on data storage, data sharing and business networking. Its lead product is Cloud2Go, a totally secure cloud providing computer resources as a service that can be shared fast and with little effort \u2013 usually via the internet and regardless of the device. Access to the cloud is [&hellip;]<\/p>","protected":false},"author":1,"featured_media":0,"parent":0,"menu_order":0,"comment_status":"closed","ping_status":"closed","template":"elementor_header_footer","meta":{"footnotes":""},"class_list":["post-41","page","type-page","status-publish","hentry"],"_links":{"self":[{"href":"https:\/\/cloud2go.de\/de\/wp-json\/wp\/v2\/pages\/41","targetHints":{"allow":["GET"]}}],"collection":[{"href":"https:\/\/cloud2go.de\/de\/wp-json\/wp\/v2\/pages"}],"about":[{"href":"https:\/\/cloud2go.de\/de\/wp-json\/wp\/v2\/types\/page"}],"author":[{"embeddable":true,"href":"https:\/\/cloud2go.de\/de\/wp-json\/wp\/v2\/users\/1"}],"replies":[{"embeddable":true,"href":"https:\/\/cloud2go.de\/de\/wp-json\/wp\/v2\/comments?post=41"}],"version-history":[{"count":7,"href":"https:\/\/cloud2go.de\/de\/wp-json\/wp\/v2\/pages\/41\/revisions"}],"predecessor-version":[{"id":531,"href":"https:\/\/cloud2go.de\/de\/wp-json\/wp\/v2\/pages\/41\/revisions\/531"}],"wp:attachment":[{"href":"https:\/\/cloud2go.de\/de\/wp-json\/wp\/v2\/media?parent=41"}],"curies":[{"name":"wp","href":"https:\/\/api.w.org\/{rel}","templated":true}]}}