{"id":280,"date":"2024-01-27T16:26:39","date_gmt":"2024-01-27T16:26:39","guid":{"rendered":"https:\/\/cloud2go.de\/?page_id=280"},"modified":"2024-04-08T15:10:17","modified_gmt":"2024-04-08T15:10:17","slug":"terms-and-conditions","status":"publish","type":"page","link":"https:\/\/cloud2go.de\/de\/terms-and-conditions\/","title":{"rendered":"AGB"},"content":{"rendered":"<div data-elementor-type=\"wp-page\" data-elementor-id=\"280\" class=\"elementor elementor-280\" data-elementor-post-type=\"page\">\n\t\t\t\t<div class=\"elementor-element elementor-element-6d00e95 e-flex e-con-boxed e-con e-parent\" data-id=\"6d00e95\" data-element_type=\"container\" data-settings=\"{&quot;background_background&quot;:&quot;classic&quot;,&quot;content_width&quot;:&quot;boxed&quot;}\" data-core-v316-plus=\"true\">\n\t\t\t\t\t<div class=\"e-con-inner\">\n\t\t\t\t<div class=\"elementor-element elementor-element-42cfceb elementor-widget elementor-widget-text-editor\" data-id=\"42cfceb\" data-element_type=\"widget\" data-widget_type=\"text-editor.default\">\n\t\t\t\t<div class=\"elementor-widget-container\">\n\t\t\t<style>\/*! elementor - v3.19.0 - 05-02-2024 *\/\n.elementor-widget-text-editor.elementor-drop-cap-view-stacked .elementor-drop-cap{background-color:#69727d;color:#fff}.elementor-widget-text-editor.elementor-drop-cap-view-framed .elementor-drop-cap{color:#69727d;border:3px solid;background-color:transparent}.elementor-widget-text-editor:not(.elementor-drop-cap-view-default) .elementor-drop-cap{margin-top:8px}.elementor-widget-text-editor:not(.elementor-drop-cap-view-default) .elementor-drop-cap-letter{width:1em;height:1em}.elementor-widget-text-editor .elementor-drop-cap{float:left;text-align:center;line-height:1;font-size:50px}.elementor-widget-text-editor .elementor-drop-cap-letter{display:inline-block}<\/style>\t\t\t\t<p><br \/>INDEM SIE AUF \u201eICH AKZEPTIERE\u201c KLICKEN ODER EINE BESTELLUNG ABSENDEN ODER ANDERWEITIG ZUGREIFEN ODER DEN DIENST VERWENDEN, STIMMEN SIE ZU, DASS SIE DIESE AGB GELESEN UND VERSTANDEN HABEN UND SICH AN DIESE ALS BEDINGUNG F\u00dcR DIE NUTZUNG DES DIENSTES HALTEN:<\/p><ol><li>Geltungsbereich der AGB\nDie folgenden Allgemeinen Gesch\u00e4ftsbedingungen (AGB) gelten f\u00fcr s\u00e4mtliche Beziehungen zwischen dem Kunden einerseits und der Cloud2Go AG (\u201eProvider\u201c) andererseits aus Nutzung der online (mobile) abrufbar gehaltenen Services \u201eCloud2Go Produkte\u201c (\u201eServices\u201c), auch wenn im Einzelfall nicht ausdr\u00fccklich darauf Bezug genommen wird. Ma\u00dfgeblich ist jeweils die zum Zeitpunkt des Vertragsschlusses g\u00fcltige Fassung der AGB. Abweichende, entgegenstehende oder erg\u00e4nzende Allgemeine Gesch\u00e4ftsbedingungen werden, selbst bei Kenntnis, nicht Vertragsbestandteil, es sei denn, der Provider h\u00e4tte ihrer Geltung ausdr\u00fccklich schriftlich zugestimmt. AGB des Kunden widerspricht der Provider hiermit ausdr\u00fccklich.\n\u00c4nderungen der AGB werden dem Kunden bekannt gegeben und gelten als vereinbart, wenn er den ge\u00e4nderten AGB nicht schriftlich binnen 14 Tagen widerspricht; auf die Bedeutung des Schweigens als Zeichen der Zustimmung wird der Kunde in der Verst\u00e4ndigung ausdr\u00fccklich hingewiesen<\/li><li>\u00dcber Cloud2Go\nMit den Cloud2Go Produkten stellt der Provider dem Kunden, der ein Unternehmen betreibt, eine L\u00f6sung f\u00fcr digitale Visitenkarten zur Verf\u00fcgung. Die Cloud2Go Produkte umfassen verschiedene Kontaktkan\u00e4le, Online-Profile, digitale Visitenkarten und Verwaltungsm\u00f6glichkeiten.\nDie Services k\u00f6nnen je nach Vertragsumfang webbasiert, als native Smartphone-Apps und\/oder als Wallet Pass zur Verf\u00fcgung gestellt werden. Vertragsabh\u00e4ngig stellt der Provider seinen Kunden Hardware in Form von NFC Stickern, Karten mit QR und\/oder NFC Lesem\u00f6glichkeiten, Leseger\u00e4te oder \u00e4hnliche Produkte zur Verf\u00fcgung.\nVertragsgegenst\u00e4ndlich ist die Bereitstellung des Zugangs zu diesen Services im Sinne eines SaaS Vertrages und\/oder die Lieferung von Hardware. Dem Kunden werden keinerlei Lizenzrechte an der dem Service zugrunde liegenden Software einger\u00e4umt.\nF\u00fcr die Einhaltung von ihm treffenden gesetzlichen Dokumentationspflichten bleibt dabei alleine der Kunde verantwortlich.<\/li><li>Account, Registrierung und Zahlungsinformationen\nZur Erstellung einer oder mehrerer digitaler Visitenkarten m\u00fcssen Sie einen Account bei uns registrieren. Im Zuge der Registrierung ben\u00f6tigen wir einige Informationen von Ihnen, wie z.B. Ihren vollst\u00e4ndigen Namen und Ihre E-Mail-Adresse. Sie stimmen zu, dass die von Ihnen bereitgestellten Informationen korrekt, vollst\u00e4ndig und nicht irref\u00fchrend sind und dass Sie Ihre Daten jederzeit aktuell halten werden. Beim Registrieren werden Sie aufgefordert, ein Passwort zu erstellen. Sie sind allein verantwortlich f\u00fcr die Sicherheit Ihrer Zugangsdaten. Wenn der Verdacht besteht, dass Ihr Konto nicht mehr sicher ist, kontaktieren Sie uns bitte umgehend unter hello@cloud2go.de.\nDer Kunde hat dem Anbieter korrekte und vollst\u00e4ndige Rechnungsdaten, einschlie\u00dflich Firmennamens, Name eines Ansprechpartners, Adresse, Bundesland, Postleitzahl, Land, Telefonnummer, E-Mail-Adresse und USt-Nummer (oder \u00e4quivalente) zur Verf\u00fcgung zu stellen. Unkorrekte oder unvollst\u00e4ndige Informationen k\u00f6nnen zu zus\u00e4tzlichem Aufwand f\u00fcr den Anbieter f\u00fchren, der dem Kunden in Rechnung gestellt wird.<\/li><li>Zahlungen\nCloud2Go bietet kostenlose und kostenpflichtige Services an. Mehr Informationen zu unseren Angeboten und Preispl\u00e4nen finden Sie auf der Internetpr\u00e4senz der Cloud2Go AG unter der Rubrik Preise. Unsere Preise k\u00f6nnen sich je nach Region, in der Sie sich befinden, unterscheiden. Die exakten Preise werden Ihnen, nach Eingabe Ihrer Rechnungsinformationen, vor der Bestellung angezeigt.\nDie Abrechnung der laufenden Nutzungsbeitr\u00e4ge sowie der Kauf weiterer Produkte erfolgt \u00fcber unseren Zahlungsdienstleister Stripe Europe LTD. Bei der Zahlungsabwicklung gelten die AGB von Stripe Europe LTD (Stripe Zahlungsbedingungen &amp; Stripe Datenschutzrichtlinie), auf die der Provider keinen Einfluss hat.\nAusgewiesene Nutzungsbeitr\u00e4ge und Rechnungen des Providers sind sofort zur Zahlung f\u00e4llig, das gilt insbesondere auch f\u00fcr Paketbuchungen und damit verbundenen Vorauszahlungen f\u00fcr einen bestimmten Zeitraum.\nSofern nichts anderes ausgewiesen ist, handelt es sich bei den Preisangaben um Nutzungsentgelte je Monat. Die monatlichen Nutzungsbeitr\u00e4ge sind jeweils im Vorhinein zur Zahlung f\u00e4llig.\nBei Zahlungsverzug des Kunden gelten die gesetzlichen Verzugszinsen in der f\u00fcr Unternehmergesch\u00e4fte geltenden H\u00f6he. Weiters verpflichtet sich der Kunde f\u00fcr den Fall des Zahlungsverzugs, dem Provider die entstehenden Mahn- und Inkassospesen, soweit sie zur zweckentsprechenden Rechtsverfolgung notwendig sind, zu ersetzen. Dies umfasst jedenfalls die Kosten zweier Mahnschreiben iHv. je \u20ac 15,00 sowie die tariflichen Kosten eines Mahnschreibens eines mit der Eintreibung beauftragten Rechtsanwalts. Die Geltendmachung weitergehender Rechte und Forderungen bleibt davon unber\u00fchrt.\nIm Falle des Zahlungsverzuges des Kunden kann der Provider s\u00e4mtliche erbrachten Leistungen und Teilleistungen, auch im Rahmen anderer, mit dem Kunden abgeschlossenen Vertr\u00e4ge, sofort f\u00e4llig stellen. Weiters ist der Provider nicht verpflichtet, weitere Leistungen bis zur Begleichung des aushaftenden Betrages zu erbringen.\nWurde die Bezahlung in Raten vereinbart, so beh\u00e4lt sich der Provider, f\u00fcr den Fall der nicht fristgerechten Zahlung von Teilbetr\u00e4gen oder Nebenforderungen, das Recht vor, die sofortige Bezahlung der gesamten noch offenen Schuld zu fordern. Demnach gilt ein Terminverlust als vereinbart.\nSperre im Falle der Nichtzahlung: Der Provider beh\u00e4lt sich im Falle der nicht rechtzeitigen oder vollst\u00e4ndigen Bezahlung das Recht vor, den Zugang des Kunden zu den Services zu sperren. Die Verpflichtung des Kunden zur Zahlung seiner Nutzungsbeitr\u00e4ge bleibt davon unber\u00fchrt.<\/li><li>Nutzung von kostenlosen Services und Produkten\nDer Provider beh\u00e4lt sich vor, kostenlose Basis-, Pilot- oder Probeservices oder Produktangebote jederzeit einzuschr\u00e4nken oder ganz abzubestellen.\nDer kostenlose 30-Tage-Test des Business-Plans kann jederzeit durch den Kunden gek\u00fcndigt werden. Sollte es zu keiner K\u00fcndigung durch den Kunden kommen, verl\u00e4ngert sich das Abonnement automatisch als kostenpflichtiger Business-Plan. \nDer Provider leistet keine Gew\u00e4hr f\u00fcr kostenlose Services oder Produkte.\nDer Provider ist stets bem\u00fcht seine Services und Produkte zur vollsten Zufriedenheit seiner Kunden bereit zu stellen. Daher nimmt der Provider gemeldete Fehler sehr ernst.\nDer Provider garantiert f\u00fcr seine kostenlosen Services keine bestimmte Verf\u00fcgbarkeit. Die Zahlung einer Vereinbarungsstrafe wird f\u00fcr kostenlose Services ausgeschlossen.\nSupportleistungen des Providers gem. Punkt 10 werden f\u00fcr kostenlose Gesch\u00e4fte nur per E-Mail geleistet und k\u00f6nnen jederzeit eingeschr\u00e4nkt werden.<\/li><li>Pflichten des Kunden\nDer Kunde verpflichtet sich, die Dienste nur unter Einhaltung der gesetzlichen Bestimmungen, insbesondere der einschl\u00e4gigen berufsrechtlichen Gesetze und der Datenschutzgesetze, in Anspruch zu nehmen und jedwede missbr\u00e4uchliche Inanspruchnahme zu unterlassen.\nDer Kunde garantiert, bei Nutzung der vertragsgegenst\u00e4ndlichen Leistungen gegen keine Rechte zu versto\u00dfen, insbesondere Verletzungen von Pers\u00f6nlichkeitsrechten seiner Kunden zu unterlassen. Im Falle eines Versto\u00dfes gegen diese Garantien hat der Kunde den Provider schad- und klaglos zu halten.\nDem Kunden obliegt es, seinen Dokumentationsobliegenheiten und -verpflichtungen nachzukommen.<\/li><li>Rechte und Pflichten des Providers\nDer Kunde nimmt zur Kenntnis, dass die Services f\u00fcr die Anforderungen und Bed\u00fcrfnisse der Allgemeinheit erstellt wird. Der Provider \u00fcbernimmt keine Gew\u00e4hr und Haftung f\u00fcr die inhaltliche Richtigkeit, Aktualit\u00e4t, Fehlerfreiheit oder Vollst\u00e4ndigkeit der angebotenen Dienste, sowie f\u00fcr eine bestimmte Verwendbarkeit.\nDer Kunde nimmt zur Kenntnis, dass die vom Provider angebotenen Dienste auch unter Einbeziehung dritter Netzbetreiber angeboten werden. Die Verf\u00fcgbarkeit der Dienste ist deshalb von der technischen Bereitstellung fremder Dienste abh\u00e4ngig, auf die der Provider keinen Einfluss hat.\nDer Provider sichert f\u00fcr seine kostenpflichtigen Services eine geplante Verf\u00fcgbarkeit von 95% pro Monat zu.<\/li><li>Support (Unterst\u00fctzungsleistungen)\nJe nach Produkt und\/oder Preisplan bietet der Provider seinen Kunden unterschiedliche Unterst\u00fctzungsleistungen wie Beratung und Betreuung hinsichtlich des Einsatzes und der Anwendung der zu pflegenden Software, Systeme und ggf. Schnittstellen an.\nDer Provider stellt die Unterst\u00fctzungsleistungen werktags jeweils in der Zeit von 08:00 bis 18:00 Uhr MEZ zur Verf\u00fcgung.\nF\u00fcr Support-Anfragen senden Sie eine E-Mail an: hello@cloud2go.de<\/li><li>Dauer\/Aufl\u00f6sung\nSofern keine ausdr\u00fcckliche Nutzungsdauer vereinbart wurde, erfolgt der Vertragsabschluss unbefristet. Der unbefristete Nutzungsvertrag kann von jeder Vertragspartei monatlich zum Ende der jeweiligen Abrechnungsperiode gek\u00fcndigt werden.\nEin befristeter Vertrag liegt vor, wenn ein bestimmter Zeitraum vorausbezahlt wurde. Befristete Vertr\u00e4ge gehen nach der Vertragslaufzeit automatisch in unbefristete Vertr\u00e4ge \u00fcber. Die automatische Verl\u00e4ngerung kann durch K\u00fcndigung zum Laufzeitende gestoppt werden. F\u00fcr Vertr\u00e4ge, die in ein unbefristetes Vertragsverh\u00e4ltnis \u00fcbergegangen sind, gelten die K\u00fcndigungsm\u00f6glichkeiten f\u00fcr unbefristete Vertrage, siehe weiter oben.\nBefristete Vertr\u00e4ge k\u00f6nnen w\u00e4hrend der Vertragslaufzeit von jeder Vertragspartei nur aus wichtigem Grund gek\u00fcndigt werden.<\/li><li>Referenz\nDer Provider ist vorbehaltlich des jederzeit m\u00f6glichen, schriftlichen Widerrufs des Kunden dazu berechtigt, auf eigenen Werbetr\u00e4gern und insbesondere auf seiner Website mit Namen und Firmenlogo auf die Gesch\u00e4ftsbeziehung zum Kunden hinzuweisen.<\/li><li>Gew\u00e4hrleistung \/Haftung\nF\u00fcr seine kostenpflichtigen Services und Produkte leistet der Provider Gew\u00e4hr im Sinne der jeweils g\u00fcltigen und \u00fcblichen Rechtsprechung.\nDie Haftung des Providers und die seiner Organe, Angestellten, Auftragnehmer oder sonstigen Erf\u00fcllungsgehilfen ist im Grunde nach auf Vorsatz oder grobe Fahrl\u00e4ssigkeit beschr\u00e4nkt; die Haftung f\u00fcr leichte Fahrl\u00e4ssigkeit ist ausgeschlossen. Dieser Haftungsausschluss gilt nicht f\u00fcr Personensch\u00e4den und Sch\u00e4den an Sachen, die der Provider zur Bearbeitung \u00fcbernommen hat. Soweit die Haftung des Providers ausgeschlossen oder beschr\u00e4nkt ist, gilt dies auch f\u00fcr die pers\u00f6nliche Haftung seiner Angestellten bzw. Erf\u00fcllungsgehilfen.\nDie Anwendung von Haftungsprivilegierungen aus dem Servicevertrag auf datenschutzrechtliche Verst\u00f6\u00dfe schlie\u00dfen die Vertragsparteien ausdr\u00fccklich aus.\nJede Vertragspartei haftet der anderen daher vollumf\u00e4nglich f\u00fcr s\u00e4mtliche Sch\u00e4den, die dieser aus der Verletzung von Verpflichtungen zum Datenschutz und zur Datensicherheit entstehen. Soweit gesetzlich zul\u00e4ssig, umfasst diese Schadenersatzpflicht auch datenschutzbeh\u00f6rdliche Geldbu\u00dfen, die einer Vertragspartei aus dem (zurechenbaren) Verhalten der anderen erwachsen.<\/li><li>Eingestellter Content\nDer Provider r\u00e4umt dem Kunden die M\u00f6glichkeit ein, eigenen \u201eContent\u201c (wie Lichtbilder, Videos, Grafiken, Logos, Texte usw.) einzustellen und damit in einem interessierten Forum zu ver\u00f6ffentlichen. F\u00fcr den Content ist der jeweilige Kunde selbst verantwortlich. In Bezug zu diesem Content kommt dem Provider die Rolle eines rein technischen Verbreiters\/Hosts zu, der auf den verbreiteten Content des Kunden keinen Einfluss nimmt und diese auch nicht beaufsichtigt. Sofern Content nach Ansicht des Kunden Rechte oder Gesetze verletzen, dies bitte melden an: hello@cloud2go.de \nDer Kunde sagt dem Provider ausdr\u00fccklich zu, keinen Content einzustellen, dessen Bereitstellung, Ver\u00f6ffentlichung oder Nutzung gegen geltendes Recht verst\u00f6\u00dft oder Rechte Dritter (insbesondere Urheberrechte des Fotografen und Pers\u00f6nlichkeitsrechte des Abgebildeten) verletzt und ihm die Nutzungsrechte zur nicht blo\u00df vor\u00fcbergehenden Vervielf\u00e4ltigung, Verbreitung und Abrufbarhaltung zustehen. Ausdr\u00fccklich untersagt ist die Einstellung von rassistischen, pornographischen, menschenverachtenden, beleidigenden und gegen die guten Sitten versto\u00dfenden Contents. In solchen F\u00e4llen ist der Provider jederzeit berechtigt den Content des Kunden jederzeit zur\u00fcckweisen, zu k\u00fcrzen oder zu l\u00f6schen. Weiters stellt ein solches Verhalten durch den Kunden einen wichtigen Vertragsaufl\u00f6sungsgrund dar.\nBehauptet ein Dritter, durch den Inhalt in seinen Rechten verletzt worden zu sein, so ist der Provider berechtigt, die vom Kunden bekannten Kontaktdaten bekannt zu geben.<\/li><li>Datenschutz\nDer Provider erkl\u00e4rt, das deutsche\/europ\u00e4ische Datenschutzrecht einzuhalten und seinen Kunden ausreichend Gew\u00e4hr f\u00fcr eine rechtm\u00e4\u00dfige und sichere Datenverarbeitung zu bieten. Weitere Informationen bez\u00fcglich des Datenschutzes k\u00f6nnen der entsprechenden Rubrik \u201eDatenschutzerkl\u00e4rung\u201c der Cloud2Go Website entnommen werden.<\/li><li>Sonstiges\nSollten einzelne Bestimmungen dieser AGB ganz oder teilweise unwirksam sein oder werden, oder sollte sich in dem Vertrag eine L\u00fccke befinden, so soll hierdurch die G\u00fcltigkeit der \u00fcbrigen Bestimmungen nicht ber\u00fchrt werden.\n\u00c4nderungen und Erg\u00e4nzungen der AGB bed\u00fcrfen der Schriftform. Erkl\u00e4rungen per E-Mail entsprechen der Schriftform.\nDie Parteien vereinbaren, dass die Inhalte und Leistungen aus diesem Vertragsverh\u00e4ltnis in ihrer Gesamtheit vertraulich sind. Inhalte d\u00fcrfen Dritten nur mit vorheriger schriftlicher Zustimmung der anderen Partei zug\u00e4nglich gemacht werden.<\/li><li>Anwendbares Recht\/Gerichtsstand\/Erf\u00fcllungsort\nAuf dieses Vertragsverh\u00e4ltnis unterliegt deutschem Recht. Als Gerichtsstand f\u00fcr alle sich mittelbar oder unmittelbar aus dem Vertrag ergebenden Streitigkeiten wird der Gerichtsstand M\u00fcnchen vereinbart. Der Erf\u00fcllungsort f\u00fcr die vertragsgegenst\u00e4ndlichen Leistungen ist in 80687 M\u00fcnchen.<\/li><\/ol><p>\u00a0<\/p>\t\t\t\t\t\t<\/div>\n\t\t\t\t<\/div>\n\t\t\t\t\t<\/div>\n\t\t\t\t<\/div>\n\t\t\t\t<\/div>","protected":false},"excerpt":{"rendered":"<p>By clicking &#8220;I accept&#8221; or placing an order, or otherwise accessing or using the service, you agree that you have read and understood these terms and conditions and agree to be bound by them as a condition of using the service: Scope of the Terms and Conditions The following General Terms and Conditions (GTC) apply [&hellip;]<\/p>","protected":false},"author":1,"featured_media":0,"parent":0,"menu_order":0,"comment_status":"closed","ping_status":"closed","template":"","meta":{"footnotes":""},"class_list":["post-280","page","type-page","status-publish","hentry"],"_links":{"self":[{"href":"https:\/\/cloud2go.de\/de\/wp-json\/wp\/v2\/pages\/280","targetHints":{"allow":["GET"]}}],"collection":[{"href":"https:\/\/cloud2go.de\/de\/wp-json\/wp\/v2\/pages"}],"about":[{"href":"https:\/\/cloud2go.de\/de\/wp-json\/wp\/v2\/types\/page"}],"author":[{"embeddable":true,"href":"https:\/\/cloud2go.de\/de\/wp-json\/wp\/v2\/users\/1"}],"replies":[{"embeddable":true,"href":"https:\/\/cloud2go.de\/de\/wp-json\/wp\/v2\/comments?post=280"}],"version-history":[{"count":7,"href":"https:\/\/cloud2go.de\/de\/wp-json\/wp\/v2\/pages\/280\/revisions"}],"predecessor-version":[{"id":933,"href":"https:\/\/cloud2go.de\/de\/wp-json\/wp\/v2\/pages\/280\/revisions\/933"}],"wp:attachment":[{"href":"https:\/\/cloud2go.de\/de\/wp-json\/wp\/v2\/media?parent=280"}],"curies":[{"name":"wp","href":"https:\/\/api.w.org\/{rel}","templated":true}]}}