{"id":1023,"date":"2024-11-06T17:20:34","date_gmt":"2024-11-06T17:20:34","guid":{"rendered":"https:\/\/cloud2go.de\/?page_id=1023"},"modified":"2024-11-09T13:09:23","modified_gmt":"2024-11-09T13:09:23","slug":"uber-uns","status":"publish","type":"page","link":"https:\/\/cloud2go.de\/de\/uber-uns\/","title":{"rendered":"\u00dcber uns"},"content":{"rendered":"<div data-elementor-type=\"wp-page\" data-elementor-id=\"1023\" class=\"elementor elementor-1023\" data-elementor-post-type=\"page\">\n\t\t\t\t<div class=\"elementor-element elementor-element-abc8004 e-con-full e-flex e-con e-parent\" data-id=\"abc8004\" data-element_type=\"container\" data-settings=\"{&quot;content_width&quot;:&quot;full&quot;,&quot;background_background&quot;:&quot;classic&quot;}\" data-core-v316-plus=\"true\">\n\t\t\t\t<div class=\"elementor-element elementor-element-abd80fa elementor-widget elementor-widget-image\" data-id=\"abd80fa\" data-element_type=\"widget\" data-widget_type=\"image.default\">\n\t\t\t\t<div class=\"elementor-widget-container\">\n\t\t\t<style>\/*! elementor - v3.19.0 - 05-02-2024 *\/\n.elementor-widget-image{text-align:center}.elementor-widget-image a{display:inline-block}.elementor-widget-image a img[src$=\".svg\"]{width:48px}.elementor-widget-image img{vertical-align:middle;display:inline-block}<\/style>\t\t\t\t\t\t\t\t\t\t<img fetchpriority=\"high\" decoding=\"async\" width=\"3000\" height=\"2250\" src=\"https:\/\/cloud2go.de\/wp-content\/uploads\/2024\/11\/mock-cloud2.png\" class=\"attachment-full size-full wp-image-1002\" alt=\"\" srcset=\"https:\/\/cloud2go.de\/wp-content\/uploads\/2024\/11\/mock-cloud2.png 3000w, https:\/\/cloud2go.de\/wp-content\/uploads\/2024\/11\/mock-cloud2-300x225.png 300w, https:\/\/cloud2go.de\/wp-content\/uploads\/2024\/11\/mock-cloud2-1024x768.png 1024w, https:\/\/cloud2go.de\/wp-content\/uploads\/2024\/11\/mock-cloud2-768x576.png 768w, https:\/\/cloud2go.de\/wp-content\/uploads\/2024\/11\/mock-cloud2-1536x1152.png 1536w, https:\/\/cloud2go.de\/wp-content\/uploads\/2024\/11\/mock-cloud2-2048x1536.png 2048w, https:\/\/cloud2go.de\/wp-content\/uploads\/2024\/11\/mock-cloud2-16x12.png 16w, https:\/\/cloud2go.de\/wp-content\/uploads\/2024\/11\/mock-cloud2-600x450.png 600w\" sizes=\"(max-width: 3000px) 100vw, 3000px\" \/>\t\t\t\t\t\t\t\t\t\t\t\t\t<\/div>\n\t\t\t\t<\/div>\n\t\t\t\t<\/div>\n\t\t<div class=\"elementor-element elementor-element-5a6bb75 e-flex e-con-boxed e-con e-parent\" data-id=\"5a6bb75\" data-element_type=\"container\" data-settings=\"{&quot;content_width&quot;:&quot;boxed&quot;}\" data-core-v316-plus=\"true\">\n\t\t\t\t\t<div class=\"e-con-inner\">\n\t\t<div class=\"elementor-element elementor-element-a390267 e-flex e-con-boxed e-con e-child\" data-id=\"a390267\" data-element_type=\"container\" data-settings=\"{&quot;content_width&quot;:&quot;boxed&quot;}\">\n\t\t\t\t\t<div class=\"e-con-inner\">\n\t\t\t\t<div class=\"elementor-element elementor-element-43ba6d7 elementor-widget elementor-widget-heading\" data-id=\"43ba6d7\" data-element_type=\"widget\" data-widget_type=\"heading.default\">\n\t\t\t\t<div class=\"elementor-widget-container\">\n\t\t\t<style>\/*! elementor - v3.19.0 - 05-02-2024 *\/\n.elementor-heading-title{padding:0;margin:0;line-height:1}.elementor-widget-heading .elementor-heading-title[class*=elementor-size-]>a{color:inherit;font-size:inherit;line-height:inherit}.elementor-widget-heading .elementor-heading-title.elementor-size-small{font-size:15px}.elementor-widget-heading .elementor-heading-title.elementor-size-medium{font-size:19px}.elementor-widget-heading .elementor-heading-title.elementor-size-large{font-size:29px}.elementor-widget-heading .elementor-heading-title.elementor-size-xl{font-size:39px}.elementor-widget-heading .elementor-heading-title.elementor-size-xxl{font-size:59px}<\/style><h2 class=\"elementor-heading-title elementor-size-default\">\u00dcber uns<\/h2>\t\t<\/div>\n\t\t\t\t<\/div>\n\t\t\t\t<div class=\"elementor-element elementor-element-a94dc91 elementor-widget elementor-widget-text-editor\" data-id=\"a94dc91\" data-element_type=\"widget\" data-widget_type=\"text-editor.default\">\n\t\t\t\t<div class=\"elementor-widget-container\">\n\t\t\t<style>\/*! elementor - v3.19.0 - 05-02-2024 *\/\n.elementor-widget-text-editor.elementor-drop-cap-view-stacked .elementor-drop-cap{background-color:#69727d;color:#fff}.elementor-widget-text-editor.elementor-drop-cap-view-framed .elementor-drop-cap{color:#69727d;border:3px solid;background-color:transparent}.elementor-widget-text-editor:not(.elementor-drop-cap-view-default) .elementor-drop-cap{margin-top:8px}.elementor-widget-text-editor:not(.elementor-drop-cap-view-default) .elementor-drop-cap-letter{width:1em;height:1em}.elementor-widget-text-editor .elementor-drop-cap{float:left;text-align:center;line-height:1;font-size:50px}.elementor-widget-text-editor .elementor-drop-cap-letter{display:inline-block}<\/style>\t\t\t\t<h3><b><span class=\"ContentPasted1\">Warum Guardmine?\u00a0<\/span><\/b><\/h3><p><span class=\"ContentPasted1\">Immer wieder werde ich danach gefragt, wie ich auf die Idee gekommen bin. Ganz einfache Geschichte:<\/span><\/p><p><span class=\"ContentPasted1\">Seitdem ich\u00a0selbstst\u00e4ndig\u00a0Reisen\u00a0konnte, habe ich fast alle Kontinente besucht. Erst allein als Backpacker, heute mit meiner Frau und unseren\u00a0drei Kindern. \u00a0<\/span><\/p><p><span class=\"ContentPasted1\">Dabei ist uns des \u00d6fteren etwas gestohlen worden.\u00a0<\/span><span class=\"ContentPasted1\">Handy, Kreditkarte, F\u00fchrerschein, Pass\u2026 Oft war der finanzielle Verlust das kleinste Problem!\u00a0Wer beispielsweise schon einmal\u00a0im Ausland seinen Pass verloren hat, wei\u00df wovon ich spreche.\u00a0<\/span><\/p><p><span class=\"ContentPasted1\">Gestohlen<\/span><span class=\"ContentPasted1\">\u00a0wurden mir diese Dinge\u00a0meistens, w\u00e4hrend wir in der\u00a0N\u00e4he unserer\u00a0Sachen waren!\u00a0Kurz abgelenkt von der sch\u00f6nen Aussicht, den\u00a0Kindern\u00a0oder\u00a0\u00c4hnlichem\u2026\u00a0und\u00a0dann\u00a0ging der Spa\u00df los:\u00a0Karten sperren, Dokumente neu ausstellen lasse usw.\u00a0<\/span><\/p><p><span class=\"ContentPasted1\">Damit war die Idee zu<\/span><span class=\"ContentPasted1\">r\u00a0Guardmine geboren:\u00a0Ein\u00a0tragbarer kleiner\u00a0Tresor\u00a0mit Alarm, welcher losgeht, wenn jemand w\u00e4hrend meiner Unaufmerksamkeit versucht etwas zu stehlen.\u00a0<\/span><\/p><p><span class=\"ContentPasted1\">\u00a0<\/span><\/p><h3><b><span class=\"ContentPasted1\">Guardmine Tresor<\/span><\/b><b><span class=\"ContentPasted1\">e<\/span><\/b><\/h3><p><span class=\"ContentPasted1\">Du sollst dich sicher f\u00fchlen, du sollst Spa\u00df haben sie\u00a0<\/span><span class=\"ContentPasted1\">als Accessoire dabei zu haben, um so\u00a0jederzeit\u00a0zu\u00a0wissen ob deine Sachen noch da sind, ohne st\u00e4ndig\u00a0nachsehen und aufpassen\u00a0zu m\u00fcssen. Seien wir uns ehrlich:\u00a0Es macht mehr Spa\u00df die Landschaft zu genie\u00dfen oder deinen\u00a0Kindern zu\u00a0zuzusehen,\u00a0statt\u00a0st\u00e4ndig nach den wichtigsten Wertsachen kramen zu m\u00fcssen.<\/span><\/p><p><span class=\"ContentPasted1\">Wir wollen einen mobilen Tresor herstellen,\u00a0<\/span><span class=\"ContentPasted1\">welcher\u00a0genau dieses\u00a0\u201epiece of mind\u201c hergibt.\u00a0<\/span><\/p><p><span class=\"ContentPasted1\">Wenn du dein<\/span><span class=\"ContentPasted1\">en\u00a0n\u00e4chsten\u00a0Urlaub sorgenfrei genie\u00dfen kannst, die sch\u00f6nsten\u00a0Erinnerungen UND deine Wertsachen wieder mit nach Hause bringst, dann haben wir unser Ziel erreicht.\u00a0<\/span><\/p><p><span class=\"ContentPasted1\">\u00a0<\/span><\/p><h3><b><span class=\"ContentPasted1\">Guardmine Werte\u00a0<\/span><\/b><\/h3><p><span class=\"ContentPasted1\">Zus\u00e4tzlich zu unserem anhaltenden Engagement f\u00fcr den Schutz deiner Wertsachen, steht Guardmine auch f\u00fcr den Ausbau unseren lokalen Wirtschaftsstandort<\/span><span class=\"ContentPasted1\">es, soziale Aspekte und Inklusion, ein genderneutrales Arbeitsumfeld und vielleicht auch ein wenig\u00a0Gutes\u00a0f\u00fcr die Umwelt:\u00a0Immerhin muss man kein neues Handy anschaffen.\u00a0<\/span><\/p><p><span class=\"ContentPasted1\">\u00a0<\/span><\/p><h3><b><span class=\"ContentPasted1\">Guardmine Versprechen\u00a0<\/span><\/b><\/h3><p><span class=\"ContentPasted1\">Wir haben den ersten mobilen Tresor\u00a0<\/span><span class=\"ContentPasted1\">entwickelt, der\u00a0richtig laut werden kann,\u00a0wenn jemand sich an deine Sachen ranmacht! Bestellen, anschauen, guarden. Und wenn dir die Guardmine nicht gef\u00e4llt, einfach zur\u00fcckschicken.\u00a0<\/span><\/p>\t\t\t\t\t\t<\/div>\n\t\t\t\t<\/div>\n\t\t\t\t\t<\/div>\n\t\t\t\t<\/div>\n\t\t\t\t\t<\/div>\n\t\t\t\t<\/div>\n\t\t\t\t<\/div>","protected":false},"excerpt":{"rendered":"<p>\u00dcber uns Warum Guardmine?\u00a0 Immer wieder werde ich danach gefragt, wie ich auf die Idee gekommen bin. Ganz einfache Geschichte: Seitdem ich\u00a0selbstst\u00e4ndig\u00a0Reisen\u00a0konnte, habe ich fast alle Kontinente besucht. Erst allein als Backpacker, heute mit meiner Frau und unseren\u00a0drei Kindern. \u00a0 Dabei ist uns des \u00d6fteren etwas gestohlen worden.\u00a0Handy, Kreditkarte, F\u00fchrerschein, Pass\u2026 Oft war der finanzielle [&hellip;]<\/p>","protected":false},"author":1,"featured_media":0,"parent":0,"menu_order":0,"comment_status":"closed","ping_status":"closed","template":"elementor_header_footer","meta":{"footnotes":""},"class_list":["post-1023","page","type-page","status-publish","hentry"],"_links":{"self":[{"href":"https:\/\/cloud2go.de\/de\/wp-json\/wp\/v2\/pages\/1023","targetHints":{"allow":["GET"]}}],"collection":[{"href":"https:\/\/cloud2go.de\/de\/wp-json\/wp\/v2\/pages"}],"about":[{"href":"https:\/\/cloud2go.de\/de\/wp-json\/wp\/v2\/types\/page"}],"author":[{"embeddable":true,"href":"https:\/\/cloud2go.de\/de\/wp-json\/wp\/v2\/users\/1"}],"replies":[{"embeddable":true,"href":"https:\/\/cloud2go.de\/de\/wp-json\/wp\/v2\/comments?post=1023"}],"version-history":[{"count":7,"href":"https:\/\/cloud2go.de\/de\/wp-json\/wp\/v2\/pages\/1023\/revisions"}],"predecessor-version":[{"id":1125,"href":"https:\/\/cloud2go.de\/de\/wp-json\/wp\/v2\/pages\/1023\/revisions\/1125"}],"wp:attachment":[{"href":"https:\/\/cloud2go.de\/de\/wp-json\/wp\/v2\/media?parent=1023"}],"curies":[{"name":"wp","href":"https:\/\/api.w.org\/{rel}","templated":true}]}}